{"id":18,"date":"2011-01-03T16:32:55","date_gmt":"2011-01-03T16:32:55","guid":{"rendered":"http:\/\/www.solvere.de\/?page_id=18"},"modified":"2016-09-26T16:53:04","modified_gmt":"2016-09-26T16:53:04","slug":"passagier","status":"publish","type":"page","link":"http:\/\/www.solvere.de\/?page_id=18","title":{"rendered":"Passagier"},"content":{"rendered":"<p><a href=\"http:\/\/www.solvere.de\/wp-content\/uploads\/2016\/09\/ibach2.png\"><img loading=\"lazy\" class=\"aligncenter wp-image-285 size-large\" src=\"http:\/\/www.solvere.de\/wp-content\/uploads\/2016\/09\/ibach2-1024x576.png\" alt=\"ibach2\" width=\"640\" height=\"360\" srcset=\"http:\/\/www.solvere.de\/wp-content\/uploads\/2016\/09\/ibach2-1024x576.png 1024w, http:\/\/www.solvere.de\/wp-content\/uploads\/2016\/09\/ibach2-300x169.png 300w, http:\/\/www.solvere.de\/wp-content\/uploads\/2016\/09\/ibach2-768x432.png 768w, http:\/\/www.solvere.de\/wp-content\/uploads\/2016\/09\/ibach2.png 1920w\" sizes=\"(max-width: 640px) 100vw, 640px\" \/><\/a><\/p>\n<p>Du interessierst dich also f\u00fcr einen Gleitschirm Tandemflug.<\/p>\n<p>Einige Dinge solltest du beachten.<br \/>\nDu solltest k\u00f6rperlich einigerma\u00dfen fitt sein.<br \/>\nDein Gewicht sollte nicht \u00fcber 95 kg liegen.<\/p>\n<p>Ein Mindestgewicht gibt es nicht.<\/p>\n<p>Deine Bekleidung sollte bequem und der Jahreszeit angepasst sein. Kn\u00f6chelhohe Schuhe, Handschuhe und eine Jacke sollten nicht fehlen. Du solltest auch ausreichend Zeit mitbringen, da nicht immer sicher ist, da\u00df wir auch zum ausgemachten Zeitpunkt starten k\u00f6nnen. Manchmal macht uns das Wetter kurzfristig einen Strich durch die Rechnung.<\/p>\n","protected":false},"excerpt":{"rendered":"<p>Du interessierst dich also f\u00fcr einen Gleitschirm Tandemflug. Einige Dinge solltest du beachten. Du solltest k\u00f6rperlich einigerma\u00dfen fitt sein. Dein Gewicht sollte nicht \u00fcber 95 kg liegen. Ein Mindestgewicht gibt es nicht. Deine Bekleidung sollte bequem und der Jahreszeit angepasst &hellip; <a href=\"http:\/\/www.solvere.de\/?page_id=18\">Weiterlesen <span class=\"meta-nav\">&rarr;<\/span><\/a><\/p>\n","protected":false},"author":1,"featured_media":0,"parent":0,"menu_order":0,"comment_status":"closed","ping_status":"closed","template":"","meta":[],"_links":{"self":[{"href":"http:\/\/www.solvere.de\/index.php?rest_route=\/wp\/v2\/pages\/18"}],"collection":[{"href":"http:\/\/www.solvere.de\/index.php?rest_route=\/wp\/v2\/pages"}],"about":[{"href":"http:\/\/www.solvere.de\/index.php?rest_route=\/wp\/v2\/types\/page"}],"author":[{"embeddable":true,"href":"http:\/\/www.solvere.de\/index.php?rest_route=\/wp\/v2\/users\/1"}],"replies":[{"embeddable":true,"href":"http:\/\/www.solvere.de\/index.php?rest_route=%2Fwp%2Fv2%2Fcomments&post=18"}],"version-history":[{"count":13,"href":"http:\/\/www.solvere.de\/index.php?rest_route=\/wp\/v2\/pages\/18\/revisions"}],"predecessor-version":[{"id":286,"href":"http:\/\/www.solvere.de\/index.php?rest_route=\/wp\/v2\/pages\/18\/revisions\/286"}],"wp:attachment":[{"href":"http:\/\/www.solvere.de\/index.php?rest_route=%2Fwp%2Fv2%2Fmedia&parent=18"}],"curies":[{"name":"wp","href":"https:\/\/api.w.org\/{rel}","templated":true}]}}