{"id":52,"date":"2011-01-04T15:49:38","date_gmt":"2011-01-04T15:49:38","guid":{"rendered":"http:\/\/www.solvere.de\/?page_id=52"},"modified":"2020-10-17T16:18:14","modified_gmt":"2020-10-17T16:18:14","slug":"buchung-und-ablauf","status":"publish","type":"page","link":"http:\/\/www.solvere.de\/?page_id=52","title":{"rendered":"Buchung und Ablauf"},"content":{"rendered":"<p><span style=\"color: #ff0000;\"><strong>Zur Zeit mache ich keine Tandemfl\u00fcge. Die Flugschule Rottweil Tel. 01705443540 l\u00f6st meine Gutscheine ein. Die fliegen in Sasbachwalden und in Oppenau.<\/strong><\/span><\/p>\n<p>Einfach anrufen oder mail schicken. Bitte Wunschtermin und Wunschfluggel\u00e4nde mitteilen. Ich werde umgehend antworten. Falls ihr gleichzeitig mit mehreren Personen starten wollt, werde ich versuchen mich mit Kollegen abzusprechen. Ganzt\u00e4gige Buchung ist auch m\u00f6glich.<br \/>\nIn der Regel werden wir uns am Landeplatz treffen und ein Auto dort zur\u00fccklassen. Am Startplatz gibt es dann eine ausf\u00fchrliche Einweisung und die Ausr\u00fcstung wird angelegt.<br \/>\nAuch der Startlauf wird kurz ausprobiert. Dann wird der Schirm ausgelegt und wenn der Wind passt kann es losgehen.<br \/>\nWer m\u00f6chte kann \u00fcbrigens den Flug auf Video festhalten. Die GoPro HD Cam macht tolle Aufnahmen. Gegen 25.- \u20ac erhaltet Ihr nach dem Flug die 8 Gb SD Karte aus der Kamera.<\/p>\n","protected":false},"excerpt":{"rendered":"<p>Zur Zeit mache ich keine Tandemfl\u00fcge. Die Flugschule Rottweil Tel. 01705443540 l\u00f6st meine Gutscheine ein. Die fliegen in Sasbachwalden und in Oppenau. Einfach anrufen oder mail schicken. Bitte Wunschtermin und Wunschfluggel\u00e4nde mitteilen. Ich werde umgehend antworten. Falls ihr gleichzeitig mit &hellip; <a href=\"http:\/\/www.solvere.de\/?page_id=52\">Weiterlesen <span class=\"meta-nav\">&rarr;<\/span><\/a><\/p>\n","protected":false},"author":1,"featured_media":0,"parent":0,"menu_order":0,"comment_status":"closed","ping_status":"closed","template":"","meta":[],"_links":{"self":[{"href":"http:\/\/www.solvere.de\/index.php?rest_route=\/wp\/v2\/pages\/52"}],"collection":[{"href":"http:\/\/www.solvere.de\/index.php?rest_route=\/wp\/v2\/pages"}],"about":[{"href":"http:\/\/www.solvere.de\/index.php?rest_route=\/wp\/v2\/types\/page"}],"author":[{"embeddable":true,"href":"http:\/\/www.solvere.de\/index.php?rest_route=\/wp\/v2\/users\/1"}],"replies":[{"embeddable":true,"href":"http:\/\/www.solvere.de\/index.php?rest_route=%2Fwp%2Fv2%2Fcomments&post=52"}],"version-history":[{"count":12,"href":"http:\/\/www.solvere.de\/index.php?rest_route=\/wp\/v2\/pages\/52\/revisions"}],"predecessor-version":[{"id":351,"href":"http:\/\/www.solvere.de\/index.php?rest_route=\/wp\/v2\/pages\/52\/revisions\/351"}],"wp:attachment":[{"href":"http:\/\/www.solvere.de\/index.php?rest_route=%2Fwp%2Fv2%2Fmedia&parent=52"}],"curies":[{"name":"wp","href":"https:\/\/api.w.org\/{rel}","templated":true}]}}